{"id":49,"date":"2017-02-22T09:00:18","date_gmt":"2017-02-22T08:00:18","guid":{"rendered":"http:\/\/mission-erbe.de\/?page_id=49"},"modified":"2017-02-22T14:44:51","modified_gmt":"2017-02-22T13:44:51","slug":"warum-mission-erbe-und-so-weiter","status":"publish","type":"page","link":"https:\/\/mission-erbe.de\/?page_id=49","title":{"rendered":"Warum Mission Erbe und so weiter&#8230;"},"content":{"rendered":"<p>Ich werde hier meine Abenteuer als potenzieller Erbschleicher zum Besten geben. Mein Erbonkel Willi ist nicht in gerader Linie mit mir verwandt, und\u00a0die\u00a0M\u00f6glichkeit irgendwann irgendwas zu Erben ist gleich Null da die Tante Schiddel eh alles den Vierbeinern vermacht. Aber der Gedanke daran macht das Leben etwas lustiger.<\/p>\n<p>Damit es sich auch richtig lohnt, stehe ich im st\u00e4ndigen Erbschleicher-Duell mit Thomas. Und der ist mal ein richtig guter Erbschleicher. Nur g\u00f6nnt er sich seit 2016 eine Auszeit. Und er\u00a0hat halt leider zwei Kinder, und eines mag Onkelchen Willi \u00fcberhaupt nicht, Kinder die laut sind.<\/p>\n<p>Die Mission Erbe Geschichte begann 2002. Und seitdem tat sich da sehr viel. Nachzulesen unter <a href=\"http:\/\/www.hannespohl.de\">http:\/\/www.hannespohl.de<\/a><\/p>\n<p>Aber mein Leben besteht nat\u00fcrlich nicht nur aus Erbschleichen. Wann immer es meine bescheidene Zeit zul\u00e4\u00dft, versuche ich nat\u00fcrlich etwas f\u00fcr meine allzuleicht schwerer werdende Figur zu tun. Dann mache ich halt alle die Dinge die andere auch tun. Wandern, Radeln, Joggen\u00a0und nat\u00fcrlich viel schlafen. Das ganze sportliche Get\u00f6se, betreibe ich meistens mit ein paar sehr guten Freunden . Und glaubt mir, das ist nicht weniger funnig und aufregend als Erbschleichen.<\/p>\n","protected":false},"excerpt":{"rendered":"<p>Ich werde hier meine Abenteuer als potenzieller Erbschleicher zum Besten geben. Mein Erbonkel Willi ist nicht in gerader Linie mit mir verwandt, und\u00a0die\u00a0M\u00f6glichkeit irgendwann irgendwas zu Erben ist gleich Null da die Tante Schiddel eh alles den Vierbeinern vermacht. Aber der Gedanke daran macht das Leben etwas lustiger. Damit es sich auch richtig lohnt, stehe &hellip; <a href=\"https:\/\/mission-erbe.de\/?page_id=49\" class=\"more-link\"><span class=\"screen-reader-text\">\u201eWarum Mission Erbe und so weiter&#8230;\u201c<\/span> weiterlesen<\/a><\/p>\n","protected":false},"author":1,"featured_media":0,"parent":0,"menu_order":0,"comment_status":"closed","ping_status":"closed","template":"","meta":{"footnotes":""},"_links":{"self":[{"href":"https:\/\/mission-erbe.de\/index.php?rest_route=\/wp\/v2\/pages\/49"}],"collection":[{"href":"https:\/\/mission-erbe.de\/index.php?rest_route=\/wp\/v2\/pages"}],"about":[{"href":"https:\/\/mission-erbe.de\/index.php?rest_route=\/wp\/v2\/types\/page"}],"author":[{"embeddable":true,"href":"https:\/\/mission-erbe.de\/index.php?rest_route=\/wp\/v2\/users\/1"}],"replies":[{"embeddable":true,"href":"https:\/\/mission-erbe.de\/index.php?rest_route=%2Fwp%2Fv2%2Fcomments&post=49"}],"version-history":[{"count":6,"href":"https:\/\/mission-erbe.de\/index.php?rest_route=\/wp\/v2\/pages\/49\/revisions"}],"predecessor-version":[{"id":151,"href":"https:\/\/mission-erbe.de\/index.php?rest_route=\/wp\/v2\/pages\/49\/revisions\/151"}],"wp:attachment":[{"href":"https:\/\/mission-erbe.de\/index.php?rest_route=%2Fwp%2Fv2%2Fmedia&parent=49"}],"curies":[{"name":"wp","href":"https:\/\/api.w.org\/{rel}","templated":true}]}}